{"id":4707,"date":"2026-02-20T19:53:51","date_gmt":"2026-02-20T17:53:51","guid":{"rendered":"https:\/\/lehmonkarkiresort.fi\/arrival\/"},"modified":"2026-04-09T12:34:15","modified_gmt":"2026-04-09T09:34:15","slug":"arrival","status":"publish","type":"page","link":"https:\/\/lehmonkarkiresort.fi\/en\/arrival\/","title":{"rendered":"Arrival"},"content":{"rendered":"\n\n\t<section class=\"section hero dark\" id=\"section_617217528\">\n\t\t<div class=\"section-bg fill\" >\n\t\t\t<img loading=\"lazy\" decoding=\"async\" width=\"2048\" height=\"1365\" src=\"https:\/\/lehmonkarkiresort.fi\/wp-content\/uploads\/2026\/02\/by_Julia_Kivela__W2A0062-2048x1365.jpg\" class=\"bg attachment-2048x2048 size-2048x2048\" alt=\"\" \/>\t\t\t\t\t\t\n\t\t\t\n\n\t\t<\/div>\n\n\t\t\n\n\t\t<div class=\"section-content relative\">\n\t\t\t\n\n<div class=\"row\"  id=\"row-604018925\">\n\n\n\t<div id=\"col-988857078\" class=\"col small-12 large-12\"  data-animate=\"blurIn\">\n\t\t\t\t<div class=\"col-inner text-center\"  >\n\t\t\t\n\t\t\t\n\n\t<div class=\"img has-hover x md-x lg-x y md-y lg-y\" id=\"image_1467397063\">\n\t\t\t\t\t\t\t\t<div class=\"img-inner dark\" >\n\t\t\t<img loading=\"lazy\" decoding=\"async\" width=\"362\" height=\"313\" src=\"https:\/\/lehmonkarkiresort.fi\/wp-content\/uploads\/2026\/01\/Lehmonkarki_tunnus_valkoinen.png\" class=\"attachment-large size-large\" alt=\"\" srcset=\"https:\/\/lehmonkarkiresort.fi\/wp-content\/uploads\/2026\/01\/Lehmonkarki_tunnus_valkoinen.png 362w, https:\/\/lehmonkarkiresort.fi\/wp-content\/uploads\/2026\/01\/Lehmonkarki_tunnus_valkoinen-300x259.png 300w\" sizes=\"auto, (max-width: 362px) 100vw, 362px\" \/>\t\t\t\t\t\t\n\t\t\t\t\t<\/div>\n\t\t\t\t\t\t\t\t\n<style>\n#image_1467397063 {\n  width: 34%;\n}\n@media (min-width:550px) {\n  #image_1467397063 {\n    width: 14%;\n  }\n}\n@media (min-width:850px) {\n  #image_1467397063 {\n    width: 14%;\n  }\n}\n<\/style>\n\t<\/div>\n\t\n\n<h2>Arrival<\/h2>\n\n\t\t<\/div>\n\t\t\t\t\t<\/div>\n\n\t\n\n<\/div>\n\n\t\t<\/div>\n\n\t\t\n<style>\n#section_617217528 {\n  padding-top: 90px;\n  padding-bottom: 90px;\n  min-height: 600px;\n}\n#section_617217528 .section-bg img {\n  object-position: 50% 0%;\n}\n@media (min-width:550px) {\n  #section_617217528 {\n    min-height: 600px;\n  }\n}\n@media (min-width:850px) {\n  #section_617217528 {\n    min-height: 900px;\n  }\n}\n<\/style>\n\t<\/section>\n\t\n\n\t<section class=\"section\" id=\"section_1049102096\">\n\t\t<div class=\"section-bg fill\" >\n\t\t\t\t\t\t\t\t\t\n\t\t\t\n\n\t\t<\/div>\n\n\t\t\n\n\t\t<div class=\"section-content relative\">\n\t\t\t\n\n<div class=\"row align-center\"  id=\"row-1831678451\">\n\n\n\t<div id=\"col-1272714810\" class=\"col medium-8 small-12 large-8\"  data-animate=\"fadeInUp\">\n\t\t\t\t<div class=\"col-inner text-center\"  >\n\t\t\t\n\t\t\t\n\n<div class=\"text-center\"><div class=\"is-divider divider clearfix\" style=\"background-color:rgb(255, 255, 255);\"><\/div><\/div>\n\n<h2>Location and Arrival Instructions<\/h2>\n<div class=\"text-center\"><div class=\"is-divider divider clearfix\" style=\"background-color:rgb(255, 255, 255);\"><\/div><\/div>\n\n\t<div id=\"text-2050059139\" class=\"text\">\n\t\t\n\n<p data-start=\"243\" data-end=\"467\">You can reach Lehmonk\u00e4rki Resort easily and conveniently by car. If needed, we are happy to assist in arranging transportation to ensure your journey begins as smoothly and relaxed as possible. <\/p>\n\t\t\n<style>\n#text-2050059139 {\n  font-size: 1rem;\n}\n<\/style>\n\t<\/div>\n\t\n\n\t\t<\/div>\n\t\t\t\t\t<\/div>\n\n\t\n\n<\/div>\n\n\t\t<\/div>\n\n\t\t\n<style>\n#section_1049102096 {\n  padding-top: 30px;\n  padding-bottom: 30px;\n}\n<\/style>\n\t<\/section>\n\t\n\n\t<section class=\"section\" id=\"section_187461899\">\n\t\t<div class=\"section-bg fill\" >\n\t\t\t\t\t\t\t\t\t<div class=\"section-bg-overlay absolute fill\"><\/div>\n\t\t\t\n\n\t\t<\/div>\n\n\t\t\n\n\t\t<div class=\"section-content relative\">\n\t\t\t\n\n<div class=\"row row-collapse row-full-width align-middle\"  id=\"row-1401207477\">\n\n\n\t<div id=\"col-1336241434\" class=\"col medium-7 small-12 large-7\"  data-animate=\"fadeInUp\">\n\t\t\t\t<div class=\"col-inner text-center\"  >\n\t\t\t\n\t\t\t\n\n\t<div class=\"img has-hover x md-x lg-x y md-y lg-y\" id=\"image_1349584018\">\n\t\t\t\t\t\t\t\t<div class=\"img-inner dark\" >\n\t\t\t<img loading=\"lazy\" decoding=\"async\" width=\"683\" height=\"1024\" src=\"https:\/\/lehmonkarkiresort.fi\/wp-content\/uploads\/2026\/02\/ninnuvisual.6501-128-683x1024.jpg\" class=\"attachment-large size-large\" alt=\"\" srcset=\"https:\/\/lehmonkarkiresort.fi\/wp-content\/uploads\/2026\/02\/ninnuvisual.6501-128-683x1024.jpg 683w, https:\/\/lehmonkarkiresort.fi\/wp-content\/uploads\/2026\/02\/ninnuvisual.6501-128-200x300.jpg 200w, https:\/\/lehmonkarkiresort.fi\/wp-content\/uploads\/2026\/02\/ninnuvisual.6501-128-768x1152.jpg 768w, https:\/\/lehmonkarkiresort.fi\/wp-content\/uploads\/2026\/02\/ninnuvisual.6501-128-1024x1536.jpg 1024w, https:\/\/lehmonkarkiresort.fi\/wp-content\/uploads\/2026\/02\/ninnuvisual.6501-128-1365x2048.jpg 1365w, https:\/\/lehmonkarkiresort.fi\/wp-content\/uploads\/2026\/02\/ninnuvisual.6501-128-scaled.jpg 1707w\" sizes=\"auto, (max-width: 683px) 100vw, 683px\" \/>\t\t\t\t\t\t\n\t\t\t\t\t<\/div>\n\t\t\t\t\t\t\t\t\n<style>\n#image_1349584018 {\n  width: 100%;\n}\n@media (min-width:550px) {\n  #image_1349584018 {\n    width: 84%;\n  }\n}\n@media (min-width:850px) {\n  #image_1349584018 {\n    width: 55%;\n  }\n}\n<\/style>\n\t<\/div>\n\t\n\n\n\t\t<\/div>\n\t\t\t\t\t<\/div>\n\n\t\n\n\t<div id=\"col-1389691658\" class=\"col medium-5 small-12 large-5\"  data-animate=\"fadeInUp\">\n\t\t\t\t<div class=\"col-inner text-left\"  >\n\t\t\t\n\t\t\t\n\n\t<div id=\"text-2638373146\" class=\"text\">\n\t\t\n\n<h2>Contact Information and Address<\/h2>\n<p data-start=\"521\" data-end=\"630\"><strong data-start=\"521\" data-end=\"543\">Lehmonk\u00e4rki Resort<\/strong><br data-start=\"580\" data-end=\"583\"><a href=\"https:\/\/maps.app.goo.gl\/MeSo3NKSDDeMiZbh7\" target=\"_blank\" rel=\"noopener\">Lehmonk\u00e4rjentie 180<\/a><br>17320 Asikkala<br data-start=\"622\" data-end=\"625\">Finland<\/p>\n<p data-start=\"632\" data-end=\"711\"><a href=\"tel:+35837666330\" target=\"_blank\" rel=\"noopener\">+358 3 7666 330<\/a><br><a href=\"mailto:lehmonkarki@lehmonkarki.fi\" target=\"_blank\" rel=\"noopener\">lehmonkarki@lehmonkarki.fi<\/a><br data-start=\"683\" data-end=\"686\"><a href=\"https:\/\/lehmonkarkiresort.fi\/\" target=\"_blank\" rel=\"noopener\">www.lehmonkarkiresort.fi<\/a><\/p>\n<p data-start=\"632\" data-end=\"711\"> <\/p>\n<p data-start=\"718\" data-end=\"913\">You can easily obtain personalized directions with a single click using a map service. We recommend reviewing our arrival tips in advance to ensure your journey is as comfortable as possible. <\/p>\n<p data-start=\"915\" data-end=\"994\">We wish you a safe and pleasant journey. See you at Lehmonk\u00e4rki! <\/p>\n\t\t\n<style>\n#text-2638373146 {\n  text-align: left;\n}\n@media (min-width:550px) {\n  #text-2638373146 {\n    text-align: left;\n  }\n}\n<\/style>\n\t<\/div>\n\t\n\n\t\t<\/div>\n\t\t\t\t\n<style>\n#col-1389691658 > .col-inner {\n  padding: 10% 10% 10% 10%;\n  max-width: 520px;\n}\n<\/style>\n\t<\/div>\n\n\t\n\n<\/div>\n\n\t\t<\/div>\n\n\t\t\n<style>\n#section_187461899 {\n  padding-top: 0px;\n  padding-bottom: 0px;\n  background-color: rgb(247, 247, 247);\n}\n#section_187461899 .section-bg-overlay {\n  background-color: rgba(255, 255, 255, 0.85);\n}\n<\/style>\n\t<\/section>\n\t\n\n\t<section class=\"section\" id=\"section_849320676\">\n\t\t<div class=\"section-bg fill\" >\n\t\t\t\t\t\t\t\t\t<div class=\"section-bg-overlay absolute fill\"><\/div>\n\t\t\t\n\n\t\t<\/div>\n\n\t\t\n\n\t\t<div class=\"section-content relative\">\n\t\t\t\n\n<div class=\"row row-collapse row-full-width align-middle\"  id=\"row-428127520\">\n\n\n\t<div id=\"col-1893927320\" class=\"col medium-6 small-12 large-5\"  data-animate=\"fadeInUp\">\n\t\t\t\t<div class=\"col-inner text-left\"  >\n\t\t\t\n\t\t\t\n\n\t<div id=\"text-1121459147\" class=\"text\">\n\t\t\n\n<h2>Before Arrival<\/h2>\n<div class=\"flex flex-col text-sm pb-25\">\n<article class=\"text-token-text-primary w-full focus:outline-none &#091;--shadow-height:45px&#093; has-data-writing-block:pointer-events-none has-data-writing-block:-mt-(--shadow-height) has-data-writing-block:pt-(--shadow-height) &#091;&amp;:has(&#091;data-writing-block&#093;)&gt;*&#093;:pointer-events-auto scroll-mt-&#091;calc(var(--header-height)+min(200px,max(70px,20svh)))&#093;\" dir=\"auto\" tabindex=\"-1\" data-turn-id=\"request-WEB:e7519e23-bff2-4f70-a892-cd80b33a0f22-23\" data-testid=\"conversation-turn-10\" data-scroll-anchor=\"true\" data-turn=\"assistant\">\n<div class=\"text-base my-auto mx-auto pb-10 &#091;--thread-content-margin:--spacing(4)&#093; @w-sm\/main:&#091;--thread-content-margin:--spacing(6)&#093; @w-lg\/main:&#091;--thread-content-margin:--spacing(16)&#093; px-(--thread-content-margin)\">\n<div class=\"&#091;--thread-content-max-width:40rem&#093; @w-lg\/main:&#091;--thread-content-max-width:48rem&#093; mx-auto max-w-(--thread-content-max-width) flex-1 group\/turn-messages focus-visible:outline-hidden relative flex w-full min-w-0 flex-col agent-turn\" tabindex=\"-1\">\n<div class=\"flex max-w-full flex-col grow\">\n<div class=\"min-h-8 text-message relative flex w-full flex-col items-end gap-2 text-start break-words whitespace-normal &#091;.text-message+&amp;&#093;:mt-1\" dir=\"auto\" data-message-author-role=\"assistant\" data-message-id=\"ec488cd7-adb4-4b6a-b18d-2efbc773018a\" data-message-model-slug=\"gpt-5-2\">\n<div class=\"flex w-full flex-col gap-1 empty:hidden first:pt-&#091;1px&#093;\">\n<div class=\"markdown prose dark:prose-invert w-full wrap-break-word light markdown-new-styling\">\n<p data-start=\"65\" data-end=\"223\" data-is-last-node=\"\" data-is-only-node=\"\">Here we have compiled useful information before your arrival at Lehmonk\u00e4rki.<\/p>\n<\/div>\n<\/div>\n<\/div>\n<\/div>\n<\/div>\n<\/div>\n<\/article>\n<\/div>\n\t\t\n<style>\n#text-1121459147 {\n  text-align: left;\n}\n<\/style>\n\t<\/div>\n\t\n<div class=\"accordion\">\n\n\t<div id=\"accordion-3134786302\" class=\"accordion-item\">\n\t\t<a id=\"accordion-3134786302-label\" class=\"accordion-title plain\" href=\"#accordion-item-arrival\" aria-expanded=\"false\" aria-controls=\"accordion-3134786302-content\">\n\t\t\t<button class=\"toggle\" aria-label=\"Toggle\"><i class=\"icon-angle-down\" aria-hidden=\"true\"><\/i><\/button>\n\t\t\t<span>Arrival<\/span>\n\t\t<\/a>\n\t\t<div id=\"accordion-3134786302-content\" class=\"accordion-inner\" aria-labelledby=\"accordion-3134786302-label\">\n\t\t\t\n\n<p>Lehmonk\u00e4rki Resort is located on the beautiful shores of Lake P\u00e4ij\u00e4nne and is easily accessible by car, train, or plane.<\/p>\n<ul>\n<li><strong data-start=\"258\" data-end=\"270\">By car:<\/strong> Upon arriving at Lehmonk\u00e4rki, you can easily park in the accommodation&#8217;s courtyard. Electric vehicle charging stations are located near Isohaava, Villa Vellamo, and Aallotar Villa (chargeable).  <\/li>\n<li data-start=\"114\" data-end=\"255\"><strong>By train:<\/strong> The nearest railway station is in Lahti, approximately 40 kilometers away. From Lahti railway station, you can continue your journey by taxi.  <\/li>\n<li data-start=\"114\" data-end=\"255\"><strong>By plane:<\/strong> The nearest international airport is Helsinki-Vantaa (140 km). For those arriving by plane, we recommend renting a car from the airport. <\/li>\n<\/ul>\n\n\t\t<\/div>\n\t<\/div>\n\t\n\t<div id=\"accordion-1924708707\" class=\"accordion-item\">\n\t\t<a id=\"accordion-1924708707-label\" class=\"accordion-title plain\" href=\"#accordion-item-parking\" aria-expanded=\"false\" aria-controls=\"accordion-1924708707-content\">\n\t\t\t<button class=\"toggle\" aria-label=\"Toggle\"><i class=\"icon-angle-down\" aria-hidden=\"true\"><\/i><\/button>\n\t\t\t<span>Parking<\/span>\n\t\t<\/a>\n\t\t<div id=\"accordion-1924708707-content\" class=\"accordion-inner\" aria-labelledby=\"accordion-1924708707-label\">\n\t\t\t\n\n<p>The resort area has numerous parking areas, and each accommodation has a parking area in front of it. All parking areas are free of charge. Four parking areas also have electric charging stations operated via the Easy Park app, which you can find here.   <\/p>\n\n\t\t<\/div>\n\t<\/div>\n\t\n\t<div id=\"accordion-1198610691\" class=\"accordion-item\">\n\t\t<a id=\"accordion-1198610691-label\" class=\"accordion-title plain\" href=\"#accordion-item-distances\" aria-expanded=\"false\" aria-controls=\"accordion-1198610691-content\">\n\t\t\t<button class=\"toggle\" aria-label=\"Toggle\"><i class=\"icon-angle-down\" aria-hidden=\"true\"><\/i><\/button>\n\t\t\t<span>Distances<\/span>\n\t\t<\/a>\n\t\t<div id=\"accordion-1198610691-content\" class=\"accordion-inner\" aria-labelledby=\"accordion-1198610691-label\">\n\t\t\t\n\n<p>Lahti 40 km (35 min)<br \/>Helsinki 130 km (1h 45 min)<br \/>H\u00e4meenlinna 80 km (1 h)<br \/>Tampere 130 km (1h 35 min)<br \/>Vaasa 350 km (4h)<br \/>Oulu 470 km (5h 45 min)<br \/>Kuopio 250 km (3h 30min)<br \/>Turku 210 km (3 h 10min)<\/p>\n\n\t\t<\/div>\n\t<\/div>\n\t\n\n<\/div>\n\n\t\t<\/div>\n\t\t\t\t\n<style>\n#col-1893927320 > .col-inner {\n  padding: 10% 10% 10% 10%;\n  max-width: 520px;\n}\n<\/style>\n\t<\/div>\n\n\t\n\n\t<div id=\"col-750880946\" class=\"col medium-6 small-12 large-7 medium-col-first\"  data-animate=\"fadeInUp\">\n\t\t\t\t<div class=\"col-inner text-center\"  >\n\t\t\t\n\t\t\t\n\n\t<div class=\"img has-hover x md-x lg-x y md-y lg-y\" id=\"image_1497521281\">\n\t\t\t\t\t\t\t\t<div class=\"img-inner dark\" >\n\t\t\t<img loading=\"lazy\" decoding=\"async\" width=\"150\" height=\"300\" src=\"https:\/\/lehmonkarkiresort.fi\/wp-content\/uploads\/2026\/02\/Suomen-kartta-150x300.png\" class=\"attachment-medium size-medium\" alt=\"\" srcset=\"https:\/\/lehmonkarkiresort.fi\/wp-content\/uploads\/2026\/02\/Suomen-kartta-150x300.png 150w, https:\/\/lehmonkarkiresort.fi\/wp-content\/uploads\/2026\/02\/Suomen-kartta.png 450w\" sizes=\"auto, (max-width: 150px) 100vw, 150px\" \/>\t\t\t\t\t\t\n\t\t\t\t\t<\/div>\n\t\t\t\t\t\t\t\t\n<style>\n#image_1497521281 {\n  width: 68%;\n}\n@media (min-width:550px) {\n  #image_1497521281 {\n    width: 59%;\n  }\n}\n@media (min-width:850px) {\n  #image_1497521281 {\n    width: 41%;\n  }\n}\n<\/style>\n\t<\/div>\n\t\n\n\n\t\t<\/div>\n\t\t\t\t\t<\/div>\n\n\t\n\n<\/div>\n\n\t\t<\/div>\n\n\t\t\n<style>\n#section_849320676 {\n  padding-top: 0px;\n  padding-bottom: 0px;\n  background-color: rgb(247, 247, 247);\n}\n#section_849320676 .section-bg-overlay {\n  background-color: rgba(255, 255, 255, 0.85);\n}\n<\/style>\n\t<\/section>\n\t\n\n\n<div style=\"width: 100%\"><iframe loading=\"lazy\" width=\"100%\" height=\"950\" src=\"https:\/\/www.google.com\/maps\/embed?pb=!1m14!1m12!1m3!1d2764.381400529212!2d25.425300483400914!3d61.249862326511696!2m3!1f0!2f0!3f0!3m2!1i1024!2i768!4f13.1!5e1!3m2!1sfi!2sfi!4v1571741778359!5m2!1sfi!2sfi\" frameborder=\"0\" scrolling=\"no\" marginheight=\"0\" marginwidth=\"0\"><\/iframe><\/div>\n\n\n","protected":false},"excerpt":{"rendered":"","protected":false},"author":3,"featured_media":0,"parent":0,"menu_order":0,"comment_status":"closed","ping_status":"closed","template":"","meta":{"footnotes":""},"class_list":["post-4707","page","type-page","status-publish","hentry"],"yoast_head":"<!-- This site is optimized with the Yoast SEO plugin v26.4 - https:\/\/yoast.com\/wordpress\/plugins\/seo\/ -->\n<title>How to Get to Lehmonk\u00e4rki Resort - Lehmonk\u00e4rki Resort<\/title>\n<meta name=\"description\" content=\"Find clear directions to Lehmonk\u00e4rki Resort on Lake P\u00e4ij\u00e4nne, easily accessible by car from Lahti and Helsinki.\" \/>\n<meta name=\"robots\" content=\"index, follow, max-snippet:-1, max-image-preview:large, max-video-preview:-1\" \/>\n<link rel=\"canonical\" href=\"https:\/\/lehmonkarkiresort.fi\/en\/arrival\/\" \/>\n<meta property=\"og:locale\" content=\"en_US\" \/>\n<meta property=\"og:type\" content=\"article\" \/>\n<meta property=\"og:title\" content=\"How to Get to Lehmonk\u00e4rki Resort - Lehmonk\u00e4rki Resort\" \/>\n<meta property=\"og:description\" content=\"Find clear directions to Lehmonk\u00e4rki Resort on Lake P\u00e4ij\u00e4nne, easily accessible by car from Lahti and Helsinki.\" \/>\n<meta property=\"og:url\" content=\"https:\/\/lehmonkarkiresort.fi\/en\/arrival\/\" \/>\n<meta property=\"og:site_name\" content=\"Lehmonk\u00e4rki Resort\" \/>\n<meta property=\"article:modified_time\" content=\"2026-04-09T09:34:15+00:00\" \/>\n<meta property=\"og:image\" content=\"https:\/\/lehmonkarkiresort.fi\/wp-content\/uploads\/2026\/01\/NinnuVisual.729-62-scaled.jpg\" \/>\n\t<meta property=\"og:image:width\" content=\"2560\" \/>\n\t<meta property=\"og:image:height\" content=\"1707\" \/>\n\t<meta property=\"og:image:type\" content=\"image\/jpeg\" \/>\n<meta name=\"twitter:card\" content=\"summary_large_image\" \/>\n<meta name=\"twitter:label1\" content=\"Est. reading time\" \/>\n\t<meta name=\"twitter:data1\" content=\"3 minutes\" \/>\n<script type=\"application\/ld+json\" class=\"yoast-schema-graph\">{\"@context\":\"https:\/\/schema.org\",\"@graph\":[{\"@type\":\"WebPage\",\"@id\":\"https:\/\/lehmonkarkiresort.fi\/en\/arrival\/\",\"url\":\"https:\/\/lehmonkarkiresort.fi\/en\/arrival\/\",\"name\":\"How to Get to Lehmonk\u00e4rki Resort - Lehmonk\u00e4rki Resort\",\"isPartOf\":{\"@id\":\"https:\/\/lehmonkarkiresort.fi\/en\/#website\"},\"datePublished\":\"2026-02-20T17:53:51+00:00\",\"dateModified\":\"2026-04-09T09:34:15+00:00\",\"description\":\"Find clear directions to Lehmonk\u00e4rki Resort on Lake P\u00e4ij\u00e4nne, easily accessible by car from Lahti and Helsinki.\",\"breadcrumb\":{\"@id\":\"https:\/\/lehmonkarkiresort.fi\/en\/arrival\/#breadcrumb\"},\"inLanguage\":\"en-US\",\"potentialAction\":[{\"@type\":\"ReadAction\",\"target\":[\"https:\/\/lehmonkarkiresort.fi\/en\/arrival\/\"]}]},{\"@type\":\"BreadcrumbList\",\"@id\":\"https:\/\/lehmonkarkiresort.fi\/en\/arrival\/#breadcrumb\",\"itemListElement\":[{\"@type\":\"ListItem\",\"position\":1,\"name\":\"Home\",\"item\":\"https:\/\/lehmonkarkiresort.fi\/en\/\"},{\"@type\":\"ListItem\",\"position\":2,\"name\":\"Arrival\"}]},{\"@type\":\"WebSite\",\"@id\":\"https:\/\/lehmonkarkiresort.fi\/en\/#website\",\"url\":\"https:\/\/lehmonkarkiresort.fi\/en\/\",\"name\":\"Lehmonk\u00e4rki Resort\",\"description\":\"Rentoudu, nauti ja inspiroidu\",\"potentialAction\":[{\"@type\":\"SearchAction\",\"target\":{\"@type\":\"EntryPoint\",\"urlTemplate\":\"https:\/\/lehmonkarkiresort.fi\/en\/?s={search_term_string}\"},\"query-input\":{\"@type\":\"PropertyValueSpecification\",\"valueRequired\":true,\"valueName\":\"search_term_string\"}}],\"inLanguage\":\"en-US\"}]}<\/script>\n<!-- \/ Yoast SEO plugin. -->","yoast_head_json":{"title":"How to Get to Lehmonk\u00e4rki Resort - Lehmonk\u00e4rki Resort","description":"Find clear directions to Lehmonk\u00e4rki Resort on Lake P\u00e4ij\u00e4nne, easily accessible by car from Lahti and Helsinki.","robots":{"index":"index","follow":"follow","max-snippet":"max-snippet:-1","max-image-preview":"max-image-preview:large","max-video-preview":"max-video-preview:-1"},"canonical":"https:\/\/lehmonkarkiresort.fi\/en\/arrival\/","og_locale":"en_US","og_type":"article","og_title":"How to Get to Lehmonk\u00e4rki Resort - Lehmonk\u00e4rki Resort","og_description":"Find clear directions to Lehmonk\u00e4rki Resort on Lake P\u00e4ij\u00e4nne, easily accessible by car from Lahti and Helsinki.","og_url":"https:\/\/lehmonkarkiresort.fi\/en\/arrival\/","og_site_name":"Lehmonk\u00e4rki Resort","article_modified_time":"2026-04-09T09:34:15+00:00","og_image":[{"width":2560,"height":1707,"url":"https:\/\/lehmonkarkiresort.fi\/wp-content\/uploads\/2026\/01\/NinnuVisual.729-62-scaled.jpg","type":"image\/jpeg"}],"twitter_card":"summary_large_image","twitter_misc":{"Est. reading time":"3 minutes"},"schema":{"@context":"https:\/\/schema.org","@graph":[{"@type":"WebPage","@id":"https:\/\/lehmonkarkiresort.fi\/en\/arrival\/","url":"https:\/\/lehmonkarkiresort.fi\/en\/arrival\/","name":"How to Get to Lehmonk\u00e4rki Resort - Lehmonk\u00e4rki Resort","isPartOf":{"@id":"https:\/\/lehmonkarkiresort.fi\/en\/#website"},"datePublished":"2026-02-20T17:53:51+00:00","dateModified":"2026-04-09T09:34:15+00:00","description":"Find clear directions to Lehmonk\u00e4rki Resort on Lake P\u00e4ij\u00e4nne, easily accessible by car from Lahti and Helsinki.","breadcrumb":{"@id":"https:\/\/lehmonkarkiresort.fi\/en\/arrival\/#breadcrumb"},"inLanguage":"en-US","potentialAction":[{"@type":"ReadAction","target":["https:\/\/lehmonkarkiresort.fi\/en\/arrival\/"]}]},{"@type":"BreadcrumbList","@id":"https:\/\/lehmonkarkiresort.fi\/en\/arrival\/#breadcrumb","itemListElement":[{"@type":"ListItem","position":1,"name":"Home","item":"https:\/\/lehmonkarkiresort.fi\/en\/"},{"@type":"ListItem","position":2,"name":"Arrival"}]},{"@type":"WebSite","@id":"https:\/\/lehmonkarkiresort.fi\/en\/#website","url":"https:\/\/lehmonkarkiresort.fi\/en\/","name":"Lehmonk\u00e4rki Resort","description":"Rentoudu, nauti ja inspiroidu","potentialAction":[{"@type":"SearchAction","target":{"@type":"EntryPoint","urlTemplate":"https:\/\/lehmonkarkiresort.fi\/en\/?s={search_term_string}"},"query-input":{"@type":"PropertyValueSpecification","valueRequired":true,"valueName":"search_term_string"}}],"inLanguage":"en-US"}]}},"_links":{"self":[{"href":"https:\/\/lehmonkarkiresort.fi\/en\/wp-json\/wp\/v2\/pages\/4707","targetHints":{"allow":["GET"]}}],"collection":[{"href":"https:\/\/lehmonkarkiresort.fi\/en\/wp-json\/wp\/v2\/pages"}],"about":[{"href":"https:\/\/lehmonkarkiresort.fi\/en\/wp-json\/wp\/v2\/types\/page"}],"author":[{"embeddable":true,"href":"https:\/\/lehmonkarkiresort.fi\/en\/wp-json\/wp\/v2\/users\/3"}],"replies":[{"embeddable":true,"href":"https:\/\/lehmonkarkiresort.fi\/en\/wp-json\/wp\/v2\/comments?post=4707"}],"version-history":[{"count":3,"href":"https:\/\/lehmonkarkiresort.fi\/en\/wp-json\/wp\/v2\/pages\/4707\/revisions"}],"predecessor-version":[{"id":5929,"href":"https:\/\/lehmonkarkiresort.fi\/en\/wp-json\/wp\/v2\/pages\/4707\/revisions\/5929"}],"wp:attachment":[{"href":"https:\/\/lehmonkarkiresort.fi\/en\/wp-json\/wp\/v2\/media?parent=4707"}],"curies":[{"name":"wp","href":"https:\/\/api.w.org\/{rel}","templated":true}]}}