{"id":6849,"date":"2026-03-02T11:44:58","date_gmt":"2026-03-02T09:44:58","guid":{"rendered":"https:\/\/lehmonkarkiresort.fi\/lehmonkarki-resort\/"},"modified":"2026-04-09T12:48:28","modified_gmt":"2026-04-09T09:48:28","slug":"lehmonkarki-resort","status":"publish","type":"page","link":"https:\/\/lehmonkarkiresort.fi\/en\/lehmonkarki-resort\/","title":{"rendered":"Lehmonk\u00e4rki Resort"},"content":{"rendered":"\n\n\t<section class=\"section hero dark\" id=\"section_586044835\">\n\t\t<div class=\"section-bg fill\" >\n\t\t\t<img loading=\"lazy\" decoding=\"async\" width=\"1471\" height=\"2048\" src=\"https:\/\/lehmonkarkiresort.fi\/wp-content\/uploads\/2026\/03\/by_Julia_Kivela_W2A0011-1471x2048.jpg\" class=\"bg attachment-2048x2048 size-2048x2048\" alt=\"\" \/>\t\t\t\t\t\t\n\t\t\t\n\n\t\t<\/div>\n\n\t\t\n\n\t\t<div class=\"section-content relative\">\n\t\t\t\n\n<div class=\"row\"  id=\"row-309051852\">\n\n\n\t<div id=\"col-1449970386\" class=\"col small-12 large-12\"  data-animate=\"blurIn\">\n\t\t\t\t<div class=\"col-inner text-center\"  >\n\t\t\t\n\t\t\t\n\n\t<div class=\"img has-hover x md-x lg-x y md-y lg-y\" id=\"image_1646387207\">\n\t\t\t\t\t\t\t\t<div class=\"img-inner dark\" >\n\t\t\t<img loading=\"lazy\" decoding=\"async\" width=\"362\" height=\"313\" src=\"https:\/\/lehmonkarkiresort.fi\/wp-content\/uploads\/2026\/01\/Lehmonkarki_tunnus_valkoinen.png\" class=\"attachment-large size-large\" alt=\"\" srcset=\"https:\/\/lehmonkarkiresort.fi\/wp-content\/uploads\/2026\/01\/Lehmonkarki_tunnus_valkoinen.png 362w, https:\/\/lehmonkarkiresort.fi\/wp-content\/uploads\/2026\/01\/Lehmonkarki_tunnus_valkoinen-300x259.png 300w\" sizes=\"auto, (max-width: 362px) 100vw, 362px\" \/>\t\t\t\t\t\t\n\t\t\t\t\t<\/div>\n\t\t\t\t\t\t\t\t\n<style>\n#image_1646387207 {\n  width: 34%;\n}\n@media (min-width:550px) {\n  #image_1646387207 {\n    width: 14%;\n  }\n}\n@media (min-width:850px) {\n  #image_1646387207 {\n    width: 14%;\n  }\n}\n<\/style>\n\t<\/div>\n\t\n\n<h2>Lehmonk\u00e4rki Resort<\/h2>\n\n\t\t<\/div>\n\t\t\t\t\t<\/div>\n\n\t\n\n<\/div>\n\n\t\t<\/div>\n\n\t\t\n<style>\n#section_586044835 {\n  padding-top: 90px;\n  padding-bottom: 90px;\n  min-height: 600px;\n}\n#section_586044835 .section-bg img {\n  object-position: 50% 50%;\n}\n@media (min-width:550px) {\n  #section_586044835 {\n    min-height: 600px;\n  }\n}\n@media (min-width:850px) {\n  #section_586044835 {\n    min-height: 900px;\n  }\n}\n<\/style>\n\t<\/section>\n\t\n\n","protected":false},"excerpt":{"rendered":"","protected":false},"author":3,"featured_media":0,"parent":0,"menu_order":0,"comment_status":"closed","ping_status":"closed","template":"","meta":{"footnotes":""},"class_list":["post-6849","page","type-page","status-publish","hentry"],"yoast_head":"<!-- This site is optimized with the Yoast SEO plugin v26.4 - https:\/\/yoast.com\/wordpress\/plugins\/seo\/ -->\n<title>Our Story - Lehmonk\u00e4rki Resort - Story, values and accommodation in the heart of nature<\/title>\n<meta name=\"description\" content=\"Discover the story of Lehmonk\u00e4rki Resort, a family-owned destination that has grown into a high-quality lakeside resort on Lake P\u00e4ij\u00e4nne.\" \/>\n<meta name=\"robots\" content=\"index, follow, max-snippet:-1, max-image-preview:large, max-video-preview:-1\" \/>\n<link rel=\"canonical\" href=\"https:\/\/lehmonkarkiresort.fi\/en\/lehmonkarki-resort\/\" \/>\n<meta property=\"og:locale\" content=\"en_US\" \/>\n<meta property=\"og:type\" content=\"article\" \/>\n<meta property=\"og:title\" content=\"Our Story - Lehmonk\u00e4rki Resort - Story, values and accommodation in the heart of nature\" \/>\n<meta property=\"og:description\" content=\"Discover the story of Lehmonk\u00e4rki Resort, a family-owned destination that has grown into a high-quality lakeside resort on Lake P\u00e4ij\u00e4nne.\" \/>\n<meta property=\"og:url\" content=\"https:\/\/lehmonkarkiresort.fi\/en\/lehmonkarki-resort\/\" \/>\n<meta property=\"og:site_name\" content=\"Lehmonk\u00e4rki Resort\" \/>\n<meta property=\"article:modified_time\" content=\"2026-04-09T09:48:28+00:00\" \/>\n<meta property=\"og:image\" content=\"https:\/\/lehmonkarkiresort.fi\/wp-content\/uploads\/2026\/01\/NinnuVisual.729-62-scaled.jpg\" \/>\n\t<meta property=\"og:image:width\" content=\"2560\" \/>\n\t<meta property=\"og:image:height\" content=\"1707\" \/>\n\t<meta property=\"og:image:type\" content=\"image\/jpeg\" \/>\n<meta name=\"twitter:card\" content=\"summary_large_image\" \/>\n<meta name=\"twitter:label1\" content=\"Est. reading time\" \/>\n\t<meta name=\"twitter:data1\" content=\"1 minute\" \/>\n<script type=\"application\/ld+json\" class=\"yoast-schema-graph\">{\"@context\":\"https:\/\/schema.org\",\"@graph\":[{\"@type\":\"WebPage\",\"@id\":\"https:\/\/lehmonkarkiresort.fi\/en\/lehmonkarki-resort\/\",\"url\":\"https:\/\/lehmonkarkiresort.fi\/en\/lehmonkarki-resort\/\",\"name\":\"Our Story - Lehmonk\u00e4rki Resort - Story, values and accommodation in the heart of nature\",\"isPartOf\":{\"@id\":\"https:\/\/lehmonkarkiresort.fi\/en\/#website\"},\"datePublished\":\"2026-03-02T09:44:58+00:00\",\"dateModified\":\"2026-04-09T09:48:28+00:00\",\"description\":\"Discover the story of Lehmonk\u00e4rki Resort, a family-owned destination that has grown into a high-quality lakeside resort on Lake P\u00e4ij\u00e4nne.\",\"breadcrumb\":{\"@id\":\"https:\/\/lehmonkarkiresort.fi\/en\/lehmonkarki-resort\/#breadcrumb\"},\"inLanguage\":\"en-US\",\"potentialAction\":[{\"@type\":\"ReadAction\",\"target\":[\"https:\/\/lehmonkarkiresort.fi\/en\/lehmonkarki-resort\/\"]}]},{\"@type\":\"BreadcrumbList\",\"@id\":\"https:\/\/lehmonkarkiresort.fi\/en\/lehmonkarki-resort\/#breadcrumb\",\"itemListElement\":[{\"@type\":\"ListItem\",\"position\":1,\"name\":\"Home\",\"item\":\"https:\/\/lehmonkarkiresort.fi\/en\/\"},{\"@type\":\"ListItem\",\"position\":2,\"name\":\"Lehmonk\u00e4rki Resort\"}]},{\"@type\":\"WebSite\",\"@id\":\"https:\/\/lehmonkarkiresort.fi\/en\/#website\",\"url\":\"https:\/\/lehmonkarkiresort.fi\/en\/\",\"name\":\"Lehmonk\u00e4rki Resort\",\"description\":\"Rentoudu, nauti ja inspiroidu\",\"potentialAction\":[{\"@type\":\"SearchAction\",\"target\":{\"@type\":\"EntryPoint\",\"urlTemplate\":\"https:\/\/lehmonkarkiresort.fi\/en\/?s={search_term_string}\"},\"query-input\":{\"@type\":\"PropertyValueSpecification\",\"valueRequired\":true,\"valueName\":\"search_term_string\"}}],\"inLanguage\":\"en-US\"}]}<\/script>\n<!-- \/ Yoast SEO plugin. -->","yoast_head_json":{"title":"Our Story - Lehmonk\u00e4rki Resort - Story, values and accommodation in the heart of nature","description":"Discover the story of Lehmonk\u00e4rki Resort, a family-owned destination that has grown into a high-quality lakeside resort on Lake P\u00e4ij\u00e4nne.","robots":{"index":"index","follow":"follow","max-snippet":"max-snippet:-1","max-image-preview":"max-image-preview:large","max-video-preview":"max-video-preview:-1"},"canonical":"https:\/\/lehmonkarkiresort.fi\/en\/lehmonkarki-resort\/","og_locale":"en_US","og_type":"article","og_title":"Our Story - Lehmonk\u00e4rki Resort - Story, values and accommodation in the heart of nature","og_description":"Discover the story of Lehmonk\u00e4rki Resort, a family-owned destination that has grown into a high-quality lakeside resort on Lake P\u00e4ij\u00e4nne.","og_url":"https:\/\/lehmonkarkiresort.fi\/en\/lehmonkarki-resort\/","og_site_name":"Lehmonk\u00e4rki Resort","article_modified_time":"2026-04-09T09:48:28+00:00","og_image":[{"width":2560,"height":1707,"url":"https:\/\/lehmonkarkiresort.fi\/wp-content\/uploads\/2026\/01\/NinnuVisual.729-62-scaled.jpg","type":"image\/jpeg"}],"twitter_card":"summary_large_image","twitter_misc":{"Est. reading time":"1 minute"},"schema":{"@context":"https:\/\/schema.org","@graph":[{"@type":"WebPage","@id":"https:\/\/lehmonkarkiresort.fi\/en\/lehmonkarki-resort\/","url":"https:\/\/lehmonkarkiresort.fi\/en\/lehmonkarki-resort\/","name":"Our Story - Lehmonk\u00e4rki Resort - Story, values and accommodation in the heart of nature","isPartOf":{"@id":"https:\/\/lehmonkarkiresort.fi\/en\/#website"},"datePublished":"2026-03-02T09:44:58+00:00","dateModified":"2026-04-09T09:48:28+00:00","description":"Discover the story of Lehmonk\u00e4rki Resort, a family-owned destination that has grown into a high-quality lakeside resort on Lake P\u00e4ij\u00e4nne.","breadcrumb":{"@id":"https:\/\/lehmonkarkiresort.fi\/en\/lehmonkarki-resort\/#breadcrumb"},"inLanguage":"en-US","potentialAction":[{"@type":"ReadAction","target":["https:\/\/lehmonkarkiresort.fi\/en\/lehmonkarki-resort\/"]}]},{"@type":"BreadcrumbList","@id":"https:\/\/lehmonkarkiresort.fi\/en\/lehmonkarki-resort\/#breadcrumb","itemListElement":[{"@type":"ListItem","position":1,"name":"Home","item":"https:\/\/lehmonkarkiresort.fi\/en\/"},{"@type":"ListItem","position":2,"name":"Lehmonk\u00e4rki Resort"}]},{"@type":"WebSite","@id":"https:\/\/lehmonkarkiresort.fi\/en\/#website","url":"https:\/\/lehmonkarkiresort.fi\/en\/","name":"Lehmonk\u00e4rki Resort","description":"Rentoudu, nauti ja inspiroidu","potentialAction":[{"@type":"SearchAction","target":{"@type":"EntryPoint","urlTemplate":"https:\/\/lehmonkarkiresort.fi\/en\/?s={search_term_string}"},"query-input":{"@type":"PropertyValueSpecification","valueRequired":true,"valueName":"search_term_string"}}],"inLanguage":"en-US"}]}},"_links":{"self":[{"href":"https:\/\/lehmonkarkiresort.fi\/en\/wp-json\/wp\/v2\/pages\/6849","targetHints":{"allow":["GET"]}}],"collection":[{"href":"https:\/\/lehmonkarkiresort.fi\/en\/wp-json\/wp\/v2\/pages"}],"about":[{"href":"https:\/\/lehmonkarkiresort.fi\/en\/wp-json\/wp\/v2\/types\/page"}],"author":[{"embeddable":true,"href":"https:\/\/lehmonkarkiresort.fi\/en\/wp-json\/wp\/v2\/users\/3"}],"replies":[{"embeddable":true,"href":"https:\/\/lehmonkarkiresort.fi\/en\/wp-json\/wp\/v2\/comments?post=6849"}],"version-history":[{"count":2,"href":"https:\/\/lehmonkarkiresort.fi\/en\/wp-json\/wp\/v2\/pages\/6849\/revisions"}],"predecessor-version":[{"id":6855,"href":"https:\/\/lehmonkarkiresort.fi\/en\/wp-json\/wp\/v2\/pages\/6849\/revisions\/6855"}],"wp:attachment":[{"href":"https:\/\/lehmonkarkiresort.fi\/en\/wp-json\/wp\/v2\/media?parent=6849"}],"curies":[{"name":"wp","href":"https:\/\/api.w.org\/{rel}","templated":true}]}}