{"id":6877,"date":"2026-02-20T21:20:00","date_gmt":"2026-02-20T19:20:00","guid":{"rendered":"https:\/\/lehmonkarkiresort.fi\/careers\/"},"modified":"2026-04-09T12:39:37","modified_gmt":"2026-04-09T09:39:37","slug":"careers","status":"publish","type":"page","link":"https:\/\/lehmonkarkiresort.fi\/en\/careers\/","title":{"rendered":"Careers"},"content":{"rendered":"\n\n\t<section class=\"section hero dark\" id=\"section_639901697\">\n\t\t<div class=\"section-bg fill\" >\n\t\t\t\t\t\t\t\t\t\n\t\t\t\n\n\t\t<\/div>\n\n\t\t\n\n\t\t<div class=\"section-content relative\">\n\t\t\t\n\n<div class=\"row\"  id=\"row-1998719772\">\n\n\n\t<div id=\"col-317273841\" class=\"col small-12 large-12\"  data-animate=\"blurIn\">\n\t\t\t\t<div class=\"col-inner text-center\"  >\n\t\t\t\n\t\t\t\n\n\t<div class=\"img has-hover x md-x lg-x y md-y lg-y\" id=\"image_615198502\">\n\t\t\t\t\t\t\t\t<div class=\"img-inner dark\" >\n\t\t\t<img loading=\"lazy\" decoding=\"async\" width=\"362\" height=\"313\" src=\"https:\/\/lehmonkarkiresort.fi\/wp-content\/uploads\/2026\/01\/Lehmonkarki_tunnus_valkoinen.png\" class=\"attachment-large size-large\" alt=\"\" srcset=\"https:\/\/lehmonkarkiresort.fi\/wp-content\/uploads\/2026\/01\/Lehmonkarki_tunnus_valkoinen.png 362w, https:\/\/lehmonkarkiresort.fi\/wp-content\/uploads\/2026\/01\/Lehmonkarki_tunnus_valkoinen-300x259.png 300w\" sizes=\"auto, (max-width: 362px) 100vw, 362px\" \/>\t\t\t\t\t\t\n\t\t\t\t\t<\/div>\n\t\t\t\t\t\t\t\t\n<style>\n#image_615198502 {\n  width: 34%;\n}\n@media (min-width:550px) {\n  #image_615198502 {\n    width: 14%;\n  }\n}\n@media (min-width:850px) {\n  #image_615198502 {\n    width: 14%;\n  }\n}\n<\/style>\n\t<\/div>\n\t\n\n<h2>Careers<\/h2>\n\n\t\t<\/div>\n\t\t\t\t\t<\/div>\n\n\t\n\n<\/div>\n\n\t\t<\/div>\n\n\t\t\n<style>\n#section_639901697 {\n  padding-top: 90px;\n  padding-bottom: 90px;\n  min-height: 600px;\n}\n@media (min-width:550px) {\n  #section_639901697 {\n    min-height: 600px;\n  }\n}\n@media (min-width:850px) {\n  #section_639901697 {\n    min-height: 900px;\n  }\n}\n<\/style>\n\t<\/section>\n\t\n\n\t<section class=\"section\" id=\"section_182027071\">\n\t\t<div class=\"section-bg fill\" >\n\t\t\t\t\t\t\t\t\t\n\t\t\t\n\n\t\t<\/div>\n\n\t\t\n\n\t\t<div class=\"section-content relative\">\n\t\t\t\n\n<div class=\"row align-center\"  id=\"row-1370982166\">\n\n\n\t<div id=\"col-1401223379\" class=\"col medium-8 small-12 large-8\"  data-animate=\"fadeInUp\">\n\t\t\t\t<div class=\"col-inner text-center\"  >\n\t\t\t\n\t\t\t\n\n<div class=\"text-center\"><div class=\"is-divider divider clearfix\" style=\"background-color:rgb(255, 255, 255);\"><\/div><\/div>\n\n<h2>Welcome to the Team!<\/h2>\n<div class=\"text-center\"><div class=\"is-divider divider clearfix\" style=\"background-color:rgb(255, 255, 255);\"><\/div><\/div>\n\n\t<div id=\"text-1814828345\" class=\"text\">\n\t\t\n\n<div class=\"flex flex-col text-sm pb-25\">\n<article class=\"text-token-text-primary w-full focus:outline-none &#091;--shadow-height:45px&#093; has-data-writing-block:pointer-events-none has-data-writing-block:-mt-(--shadow-height) has-data-writing-block:pt-(--shadow-height) &#091;&amp;:has(&#091;data-writing-block&#093;)&gt;*&#093;:pointer-events-auto scroll-mt-&#091;calc(var(--header-height)+min(200px,max(70px,20svh)))&#093;\" dir=\"auto\" tabindex=\"-1\" data-turn-id=\"request-WEB:e7519e23-bff2-4f70-a892-cd80b33a0f22-24\" data-testid=\"conversation-turn-12\" data-scroll-anchor=\"true\" data-turn=\"assistant\">\n<div class=\"text-base my-auto mx-auto pb-10 &#091;--thread-content-margin:--spacing(4)&#093; @w-sm\/main:&#091;--thread-content-margin:--spacing(6)&#093; @w-lg\/main:&#091;--thread-content-margin:--spacing(16)&#093; px-(--thread-content-margin)\">\n<div class=\"&#091;--thread-content-max-width:40rem&#093; @w-lg\/main:&#091;--thread-content-max-width:48rem&#093; mx-auto max-w-(--thread-content-max-width) flex-1 group\/turn-messages focus-visible:outline-hidden relative flex w-full min-w-0 flex-col agent-turn\" tabindex=\"-1\">\n<div class=\"flex max-w-full flex-col grow\">\n<div class=\"min-h-8 text-message relative flex w-full flex-col items-end gap-2 text-start break-words whitespace-normal &#091;.text-message+&amp;&#093;:mt-1\" dir=\"auto\" data-message-author-role=\"assistant\" data-message-id=\"2c5dc523-1ef8-48bb-be87-89120fd8aaf0\" data-message-model-slug=\"gpt-5-2\">\n<div class=\"flex w-full flex-col gap-1 empty:hidden first:pt-&#091;1px&#093;\">\n<div class=\"markdown prose dark:prose-invert w-full wrap-break-word light markdown-new-styling\">\n<p data-start=\"0\" data-end=\"672\" data-is-last-node=\"\" data-is-only-node=\"\">Lehmonk\u00e4rki employs a diverse and close-knit team with a shared goal of providing our guests with a warm and high-quality experience in the heart of lake nature. Our team consists of several areas: reception and sales ensure smooth customer service and reservations, the kitchen creates delicious culinary experiences from the season&#8217;s finest ingredients, service staff provide a pleasant restaurant experience, and maintenance and cleaning professionals ensure that the facilities, accommodations, and surroundings are always in excellent condition. For 2026, we have filled our open positions, but we are happy to accept open applications for future needs.  <\/p>\n<\/div>\n<\/div>\n<\/div>\n<\/div>\n<\/div>\n<\/div>\n<\/article>\n<\/div>\n\t\t\n<style>\n#text-1814828345 {\n  font-size: 1rem;\n}\n<\/style>\n\t<\/div>\n\t\n\n\t\t<\/div>\n\t\t\t\t\t<\/div>\n\n\t\n\n\t<div id=\"col-607380858\" class=\"col medium-4 small-12 large-4\"  >\n\t\t\t\t<div class=\"col-inner\"  >\n\t\t\t\n\t\t\t\n\n<div class=\"uxb-no-content uxb-image\">Upload Image...<\/div>\n\n\n\t\t<\/div>\n\t\t\t\t\t<\/div>\n\n\t\n\n<\/div>\n\n\t\t<\/div>\n\n\t\t\n<style>\n#section_182027071 {\n  padding-top: 30px;\n  padding-bottom: 30px;\n}\n<\/style>\n\t<\/section>\n\t\n\n","protected":false},"excerpt":{"rendered":"","protected":false},"author":3,"featured_media":0,"parent":0,"menu_order":0,"comment_status":"closed","ping_status":"closed","template":"","meta":{"footnotes":""},"class_list":["post-6877","page","type-page","status-publish","hentry"],"yoast_head":"<!-- This site is optimized with the Yoast SEO plugin v26.4 - https:\/\/yoast.com\/wordpress\/plugins\/seo\/ -->\n<title>Jobs on Lake P\u00e4ij\u00e4nne - Lehmonk\u00e4rki Resort - Hospitality and Tourism Careers<\/title>\n<meta name=\"description\" content=\"Explore open positions at Lehmonk\u00e4rki Resort in hospitality and tourism on Lake P\u00e4ij\u00e4nne near Lahti and Helsinki\" \/>\n<meta name=\"robots\" content=\"index, follow, max-snippet:-1, max-image-preview:large, max-video-preview:-1\" \/>\n<link rel=\"canonical\" href=\"https:\/\/lehmonkarkiresort.fi\/en\/careers\/\" \/>\n<meta property=\"og:locale\" content=\"en_US\" \/>\n<meta property=\"og:type\" content=\"article\" \/>\n<meta property=\"og:title\" content=\"Jobs on Lake P\u00e4ij\u00e4nne - Lehmonk\u00e4rki Resort - Hospitality and Tourism Careers\" \/>\n<meta property=\"og:description\" content=\"Explore open positions at Lehmonk\u00e4rki Resort in hospitality and tourism on Lake P\u00e4ij\u00e4nne near Lahti and Helsinki\" \/>\n<meta property=\"og:url\" content=\"https:\/\/lehmonkarkiresort.fi\/en\/careers\/\" \/>\n<meta property=\"og:site_name\" content=\"Lehmonk\u00e4rki Resort\" \/>\n<meta property=\"article:modified_time\" content=\"2026-04-09T09:39:37+00:00\" \/>\n<meta property=\"og:image\" content=\"https:\/\/lehmonkarkiresort.fi\/wp-content\/uploads\/2026\/01\/NinnuVisual.729-62-scaled.jpg\" \/>\n\t<meta property=\"og:image:width\" content=\"2560\" \/>\n\t<meta property=\"og:image:height\" content=\"1707\" \/>\n\t<meta property=\"og:image:type\" content=\"image\/jpeg\" \/>\n<meta name=\"twitter:card\" content=\"summary_large_image\" \/>\n<meta name=\"twitter:label1\" content=\"Est. reading time\" \/>\n\t<meta name=\"twitter:data1\" content=\"1 minute\" \/>\n<script type=\"application\/ld+json\" class=\"yoast-schema-graph\">{\"@context\":\"https:\/\/schema.org\",\"@graph\":[{\"@type\":\"WebPage\",\"@id\":\"https:\/\/lehmonkarkiresort.fi\/en\/careers\/\",\"url\":\"https:\/\/lehmonkarkiresort.fi\/en\/careers\/\",\"name\":\"Jobs on Lake P\u00e4ij\u00e4nne - Lehmonk\u00e4rki Resort - Hospitality and Tourism Careers\",\"isPartOf\":{\"@id\":\"https:\/\/lehmonkarkiresort.fi\/en\/#website\"},\"datePublished\":\"2026-02-20T19:20:00+00:00\",\"dateModified\":\"2026-04-09T09:39:37+00:00\",\"description\":\"Explore open positions at Lehmonk\u00e4rki Resort in hospitality and tourism on Lake P\u00e4ij\u00e4nne near Lahti and Helsinki\",\"breadcrumb\":{\"@id\":\"https:\/\/lehmonkarkiresort.fi\/en\/careers\/#breadcrumb\"},\"inLanguage\":\"en-US\",\"potentialAction\":[{\"@type\":\"ReadAction\",\"target\":[\"https:\/\/lehmonkarkiresort.fi\/en\/careers\/\"]}]},{\"@type\":\"BreadcrumbList\",\"@id\":\"https:\/\/lehmonkarkiresort.fi\/en\/careers\/#breadcrumb\",\"itemListElement\":[{\"@type\":\"ListItem\",\"position\":1,\"name\":\"Home\",\"item\":\"https:\/\/lehmonkarkiresort.fi\/en\/\"},{\"@type\":\"ListItem\",\"position\":2,\"name\":\"Careers\"}]},{\"@type\":\"WebSite\",\"@id\":\"https:\/\/lehmonkarkiresort.fi\/en\/#website\",\"url\":\"https:\/\/lehmonkarkiresort.fi\/en\/\",\"name\":\"Lehmonk\u00e4rki Resort\",\"description\":\"Rentoudu, nauti ja inspiroidu\",\"potentialAction\":[{\"@type\":\"SearchAction\",\"target\":{\"@type\":\"EntryPoint\",\"urlTemplate\":\"https:\/\/lehmonkarkiresort.fi\/en\/?s={search_term_string}\"},\"query-input\":{\"@type\":\"PropertyValueSpecification\",\"valueRequired\":true,\"valueName\":\"search_term_string\"}}],\"inLanguage\":\"en-US\"}]}<\/script>\n<!-- \/ Yoast SEO plugin. -->","yoast_head_json":{"title":"Jobs on Lake P\u00e4ij\u00e4nne - Lehmonk\u00e4rki Resort - Hospitality and Tourism Careers","description":"Explore open positions at Lehmonk\u00e4rki Resort in hospitality and tourism on Lake P\u00e4ij\u00e4nne near Lahti and Helsinki","robots":{"index":"index","follow":"follow","max-snippet":"max-snippet:-1","max-image-preview":"max-image-preview:large","max-video-preview":"max-video-preview:-1"},"canonical":"https:\/\/lehmonkarkiresort.fi\/en\/careers\/","og_locale":"en_US","og_type":"article","og_title":"Jobs on Lake P\u00e4ij\u00e4nne - Lehmonk\u00e4rki Resort - Hospitality and Tourism Careers","og_description":"Explore open positions at Lehmonk\u00e4rki Resort in hospitality and tourism on Lake P\u00e4ij\u00e4nne near Lahti and Helsinki","og_url":"https:\/\/lehmonkarkiresort.fi\/en\/careers\/","og_site_name":"Lehmonk\u00e4rki Resort","article_modified_time":"2026-04-09T09:39:37+00:00","og_image":[{"width":2560,"height":1707,"url":"https:\/\/lehmonkarkiresort.fi\/wp-content\/uploads\/2026\/01\/NinnuVisual.729-62-scaled.jpg","type":"image\/jpeg"}],"twitter_card":"summary_large_image","twitter_misc":{"Est. reading time":"1 minute"},"schema":{"@context":"https:\/\/schema.org","@graph":[{"@type":"WebPage","@id":"https:\/\/lehmonkarkiresort.fi\/en\/careers\/","url":"https:\/\/lehmonkarkiresort.fi\/en\/careers\/","name":"Jobs on Lake P\u00e4ij\u00e4nne - Lehmonk\u00e4rki Resort - Hospitality and Tourism Careers","isPartOf":{"@id":"https:\/\/lehmonkarkiresort.fi\/en\/#website"},"datePublished":"2026-02-20T19:20:00+00:00","dateModified":"2026-04-09T09:39:37+00:00","description":"Explore open positions at Lehmonk\u00e4rki Resort in hospitality and tourism on Lake P\u00e4ij\u00e4nne near Lahti and Helsinki","breadcrumb":{"@id":"https:\/\/lehmonkarkiresort.fi\/en\/careers\/#breadcrumb"},"inLanguage":"en-US","potentialAction":[{"@type":"ReadAction","target":["https:\/\/lehmonkarkiresort.fi\/en\/careers\/"]}]},{"@type":"BreadcrumbList","@id":"https:\/\/lehmonkarkiresort.fi\/en\/careers\/#breadcrumb","itemListElement":[{"@type":"ListItem","position":1,"name":"Home","item":"https:\/\/lehmonkarkiresort.fi\/en\/"},{"@type":"ListItem","position":2,"name":"Careers"}]},{"@type":"WebSite","@id":"https:\/\/lehmonkarkiresort.fi\/en\/#website","url":"https:\/\/lehmonkarkiresort.fi\/en\/","name":"Lehmonk\u00e4rki Resort","description":"Rentoudu, nauti ja inspiroidu","potentialAction":[{"@type":"SearchAction","target":{"@type":"EntryPoint","urlTemplate":"https:\/\/lehmonkarkiresort.fi\/en\/?s={search_term_string}"},"query-input":{"@type":"PropertyValueSpecification","valueRequired":true,"valueName":"search_term_string"}}],"inLanguage":"en-US"}]}},"_links":{"self":[{"href":"https:\/\/lehmonkarkiresort.fi\/en\/wp-json\/wp\/v2\/pages\/6877","targetHints":{"allow":["GET"]}}],"collection":[{"href":"https:\/\/lehmonkarkiresort.fi\/en\/wp-json\/wp\/v2\/pages"}],"about":[{"href":"https:\/\/lehmonkarkiresort.fi\/en\/wp-json\/wp\/v2\/types\/page"}],"author":[{"embeddable":true,"href":"https:\/\/lehmonkarkiresort.fi\/en\/wp-json\/wp\/v2\/users\/3"}],"replies":[{"embeddable":true,"href":"https:\/\/lehmonkarkiresort.fi\/en\/wp-json\/wp\/v2\/comments?post=6877"}],"version-history":[{"count":5,"href":"https:\/\/lehmonkarkiresort.fi\/en\/wp-json\/wp\/v2\/pages\/6877\/revisions"}],"predecessor-version":[{"id":6887,"href":"https:\/\/lehmonkarkiresort.fi\/en\/wp-json\/wp\/v2\/pages\/6877\/revisions\/6887"}],"wp:attachment":[{"href":"https:\/\/lehmonkarkiresort.fi\/en\/wp-json\/wp\/v2\/media?parent=6877"}],"curies":[{"name":"wp","href":"https:\/\/api.w.org\/{rel}","templated":true}]}}